{"id":210,"date":"2025-06-16T01:31:53","date_gmt":"2025-06-16T01:31:53","guid":{"rendered":"https:\/\/medical.ezseo.cn\/?post_type=product&#038;p=210"},"modified":"2025-07-14T02:36:23","modified_gmt":"2025-07-14T02:36:23","slug":"5-dimensional-muscle-massager","status":"publish","type":"product","link":"https:\/\/accintemedical.com\/es\/producto\/5-dimensional-muscle-massager\/","title":{"rendered":"masajeador muscular de 5 dimensiones"},"content":{"rendered":"","protected":false},"excerpt":{"rendered":"<p>el masajeador muscular en 5 dimensiones es diferente de las pistolas de fascia y los aparatos de masaje convencionales. Al combinar fuerzas verticales y horizontales, relaja los m\u00fasculos y la fascia en cinco dimensiones, con una profundidad de hasta 7 cm. El cabezal de masaje inteligente puede evitar la presi\u00f3n sobre los huesos durante el masaje, haci\u00e9ndolo m\u00e1s seguro y eficaz. Este producto no pretende diagnosticar, tratar, curar ni prevenir ninguna enfermedad.<\/p>","protected":false},"featured_media":617,"comment_status":"open","ping_status":"closed","template":"","meta":{"_kad_blocks_custom_css":"","_kad_blocks_head_custom_js":"","_kad_blocks_body_custom_js":"","_kad_blocks_footer_custom_js":"","_kad_post_transparent":"default","_kad_post_title":"","_kad_post_layout":"default","_kad_post_sidebar_id":"","_kad_post_content_style":"default","_kad_post_vertical_padding":"default","_kad_post_feature":"","_kad_post_feature_position":"","_kad_post_header":false,"_kad_post_footer":false,"_kad_post_classname":""},"product_brand":[],"product_cat":[15],"product_tag":[],"class_list":{"0":"post-210","1":"product","2":"type-product","3":"status-publish","4":"has-post-thumbnail","6":"product_cat-uncategorized","8":"first","9":"instock","10":"shipping-taxable","11":"purchasable","12":"product-type-simple","13":"entry","14":"content-bg","15":"loop-entry"},"taxonomy_info":{"product_cat":[{"value":15,"label":"Uncategorized"}]},"featured_image_src_large":["https:\/\/accintemedical.com\/wp-content\/uploads\/2025\/06\/5-Dimensional-Muscle-Massager-1.png",1000,1000,false],"author_info":[],"comment_info":0,"_links":{"self":[{"href":"https:\/\/accintemedical.com\/es\/wp-json\/wp\/v2\/product\/210","targetHints":{"allow":["GET"]}}],"collection":[{"href":"https:\/\/accintemedical.com\/es\/wp-json\/wp\/v2\/product"}],"about":[{"href":"https:\/\/accintemedical.com\/es\/wp-json\/wp\/v2\/types\/product"}],"replies":[{"embeddable":true,"href":"https:\/\/accintemedical.com\/es\/wp-json\/wp\/v2\/comments?post=210"}],"wp:featuredmedia":[{"embeddable":true,"href":"https:\/\/accintemedical.com\/es\/wp-json\/wp\/v2\/media\/617"}],"wp:attachment":[{"href":"https:\/\/accintemedical.com\/es\/wp-json\/wp\/v2\/media?parent=210"}],"wp:term":[{"taxonomy":"product_brand","embeddable":true,"href":"https:\/\/accintemedical.com\/es\/wp-json\/wp\/v2\/product_brand?post=210"},{"taxonomy":"product_cat","embeddable":true,"href":"https:\/\/accintemedical.com\/es\/wp-json\/wp\/v2\/product_cat?post=210"},{"taxonomy":"product_tag","embeddable":true,"href":"https:\/\/accintemedical.com\/es\/wp-json\/wp\/v2\/product_tag?post=210"}],"curies":[{"name":"wp","href":"https:\/\/api.w.org\/{rel}","templated":true}]}}