{"id":341,"date":"2025-06-18T02:04:26","date_gmt":"2025-06-18T02:04:26","guid":{"rendered":"https:\/\/medical.ezseo.cn\/?post_type=product&#038;p=341"},"modified":"2025-07-14T02:36:01","modified_gmt":"2025-07-14T02:36:01","slug":"elecsoap-hand-massager","status":"publish","type":"product","link":"https:\/\/accintemedical.com\/es\/producto\/elecsoap-hand-massager\/","title":{"rendered":"Masajeador de manos Elecsoap"},"content":{"rendered":"","protected":false},"excerpt":{"rendered":"<p>Elecsoap masajeador de manos port\u00e1til hecho a trav\u00e9s de la optimizaci\u00f3n de la tecnolog\u00eda TENS.Mediante la optimizaci\u00f3n de la tecnolog\u00eda TENS, hemos hecho el producto m\u00e1s en l\u00ednea con la frecuencia de corriente d\u00e9bil biol\u00f3gica y la regulaci\u00f3n de la forma de onda de la percepci\u00f3n neural humana.<\/p>","protected":false},"featured_media":623,"comment_status":"open","ping_status":"closed","template":"","meta":{"_kad_blocks_custom_css":"","_kad_blocks_head_custom_js":"","_kad_blocks_body_custom_js":"","_kad_blocks_footer_custom_js":"","_kad_post_transparent":"default","_kad_post_title":"","_kad_post_layout":"default","_kad_post_sidebar_id":"","_kad_post_content_style":"default","_kad_post_vertical_padding":"default","_kad_post_feature":"","_kad_post_feature_position":"","_kad_post_header":false,"_kad_post_footer":false,"_kad_post_classname":""},"product_brand":[],"product_cat":[15],"product_tag":[],"class_list":{"0":"post-341","1":"product","2":"type-product","3":"status-publish","4":"has-post-thumbnail","6":"product_cat-uncategorized","8":"first","9":"instock","10":"shipping-taxable","11":"purchasable","12":"product-type-variable","13":"has-default-attributes","14":"entry","15":"content-bg","16":"loop-entry"},"taxonomy_info":{"product_cat":[{"value":15,"label":"Uncategorized"}]},"featured_image_src_large":["https:\/\/accintemedical.com\/wp-content\/uploads\/2025\/07\/Elecsoap-Hand-Massager-1.jpg",1000,1000,false],"author_info":[],"comment_info":0,"_links":{"self":[{"href":"https:\/\/accintemedical.com\/es\/wp-json\/wp\/v2\/product\/341","targetHints":{"allow":["GET"]}}],"collection":[{"href":"https:\/\/accintemedical.com\/es\/wp-json\/wp\/v2\/product"}],"about":[{"href":"https:\/\/accintemedical.com\/es\/wp-json\/wp\/v2\/types\/product"}],"replies":[{"embeddable":true,"href":"https:\/\/accintemedical.com\/es\/wp-json\/wp\/v2\/comments?post=341"}],"wp:featuredmedia":[{"embeddable":true,"href":"https:\/\/accintemedical.com\/es\/wp-json\/wp\/v2\/media\/623"}],"wp:attachment":[{"href":"https:\/\/accintemedical.com\/es\/wp-json\/wp\/v2\/media?parent=341"}],"wp:term":[{"taxonomy":"product_brand","embeddable":true,"href":"https:\/\/accintemedical.com\/es\/wp-json\/wp\/v2\/product_brand?post=341"},{"taxonomy":"product_cat","embeddable":true,"href":"https:\/\/accintemedical.com\/es\/wp-json\/wp\/v2\/product_cat?post=341"},{"taxonomy":"product_tag","embeddable":true,"href":"https:\/\/accintemedical.com\/es\/wp-json\/wp\/v2\/product_tag?post=341"}],"curies":[{"name":"wp","href":"https:\/\/api.w.org\/{rel}","templated":true}]}}