{"id":210,"date":"2025-06-16T01:31:53","date_gmt":"2025-06-16T01:31:53","guid":{"rendered":"https:\/\/medical.ezseo.cn\/?post_type=product&#038;p=210"},"modified":"2025-07-14T02:36:23","modified_gmt":"2025-07-14T02:36:23","slug":"5-dimensional-muscle-massager","status":"publish","type":"product","link":"https:\/\/accintemedical.com\/vi\/san-pham\/5-dimensional-muscle-massager\/","title":{"rendered":"M\u00e1y m\u00e1t xa c\u01a1 5 chi\u1ec1u"},"content":{"rendered":"","protected":false},"excerpt":{"rendered":"<p>M\u00e1y m\u00e1t xa c\u01a1 5 chi\u1ec1u kh\u00e1c v\u1edbi s\u00fang fascia v\u00e0 thi\u1ebft b\u1ecb m\u00e1t xa th\u00f4ng th\u01b0\u1eddng. B\u1eb1ng c\u00e1ch k\u1ebft h\u1ee3p c\u00e1c l\u1ef1c d\u1ecdc v\u00e0 ngang, n\u00f3 th\u01b0 gi\u00e3n c\u01a1 b\u1eafp v\u00e0 fascia theo n\u0103m chi\u1ec1u, v\u1edbi \u0111\u1ed9 s\u00e2u l\u00ean \u0111\u1ebfn 7cm. \u0110\u1ea7u m\u00e1t xa th\u00f4ng minh c\u00f3 th\u1ec3 tr\u00e1nh \u00e1p l\u1ef1c l\u00ean x\u01b0\u01a1ng trong khi m\u00e1t xa, gi\u00fap an to\u00e0n v\u00e0 hi\u1ec7u qu\u1ea3 h\u01a1n. S\u1ea3n ph\u1ea9m n\u00e0y kh\u00f4ng nh\u1eb1m m\u1ee5c \u0111\u00edch ch\u1ea9n \u0111o\u00e1n, \u0111i\u1ec1u tr\u1ecb, ch\u1eefa kh\u1ecfi ho\u1eb7c ng\u0103n ng\u1eeba b\u1ea5t k\u1ef3 b\u1ec7nh n\u00e0o.<\/p>","protected":false},"featured_media":617,"comment_status":"open","ping_status":"closed","template":"","meta":{"_kad_blocks_custom_css":"","_kad_blocks_head_custom_js":"","_kad_blocks_body_custom_js":"","_kad_blocks_footer_custom_js":"","_kad_post_transparent":"default","_kad_post_title":"","_kad_post_layout":"default","_kad_post_sidebar_id":"","_kad_post_content_style":"default","_kad_post_vertical_padding":"default","_kad_post_feature":"","_kad_post_feature_position":"","_kad_post_header":false,"_kad_post_footer":false,"_kad_post_classname":""},"product_brand":[],"product_cat":[15],"product_tag":[],"class_list":{"0":"post-210","1":"product","2":"type-product","3":"status-publish","4":"has-post-thumbnail","6":"product_cat-uncategorized","8":"first","9":"instock","10":"shipping-taxable","11":"purchasable","12":"product-type-simple","13":"entry","14":"content-bg","15":"loop-entry"},"taxonomy_info":{"product_cat":[{"value":15,"label":"Uncategorized"}]},"featured_image_src_large":["https:\/\/accintemedical.com\/wp-content\/uploads\/2025\/06\/5-Dimensional-Muscle-Massager-1.png",1000,1000,false],"author_info":[],"comment_info":0,"_links":{"self":[{"href":"https:\/\/accintemedical.com\/vi\/wp-json\/wp\/v2\/product\/210","targetHints":{"allow":["GET"]}}],"collection":[{"href":"https:\/\/accintemedical.com\/vi\/wp-json\/wp\/v2\/product"}],"about":[{"href":"https:\/\/accintemedical.com\/vi\/wp-json\/wp\/v2\/types\/product"}],"replies":[{"embeddable":true,"href":"https:\/\/accintemedical.com\/vi\/wp-json\/wp\/v2\/comments?post=210"}],"wp:featuredmedia":[{"embeddable":true,"href":"https:\/\/accintemedical.com\/vi\/wp-json\/wp\/v2\/media\/617"}],"wp:attachment":[{"href":"https:\/\/accintemedical.com\/vi\/wp-json\/wp\/v2\/media?parent=210"}],"wp:term":[{"taxonomy":"product_brand","embeddable":true,"href":"https:\/\/accintemedical.com\/vi\/wp-json\/wp\/v2\/product_brand?post=210"},{"taxonomy":"product_cat","embeddable":true,"href":"https:\/\/accintemedical.com\/vi\/wp-json\/wp\/v2\/product_cat?post=210"},{"taxonomy":"product_tag","embeddable":true,"href":"https:\/\/accintemedical.com\/vi\/wp-json\/wp\/v2\/product_tag?post=210"}],"curies":[{"name":"wp","href":"https:\/\/api.w.org\/{rel}","templated":true}]}}