{"id":341,"date":"2025-06-18T02:04:26","date_gmt":"2025-06-18T02:04:26","guid":{"rendered":"https:\/\/medical.ezseo.cn\/?post_type=product&#038;p=341"},"modified":"2025-07-14T02:36:01","modified_gmt":"2025-07-14T02:36:01","slug":"elecsoap-hand-massager","status":"publish","type":"product","link":"https:\/\/accintemedical.com\/vi\/san-pham\/elecsoap-hand-massager\/","title":{"rendered":"M\u00e1y m\u00e1t xa tay Elecsoap"},"content":{"rendered":"","protected":false},"excerpt":{"rendered":"<p>M\u00e1y M\u00e1t Xa Tay Di \u0110\u1ed9ng Elecsoap \u0111\u01b0\u1ee3c s\u1ea3n xu\u1ea5t th\u00f4ng qua vi\u1ec7c t\u1ed1i \u01b0u h\u00f3a c\u00f4ng ngh\u1ec7 TENS. B\u1eb1ng c\u00e1ch t\u1ed1i \u01b0u h\u00f3a c\u00f4ng ngh\u1ec7 TENS, ch\u00fang t\u00f4i \u0111\u00e3 l\u00e0m cho s\u1ea3n ph\u1ea9m ph\u00f9 h\u1ee3p h\u01a1n v\u1edbi t\u1ea7n s\u1ed1 d\u00f2ng \u0111i\u1ec7n sinh h\u1ecdc y\u1ebfu v\u00e0 \u0111i\u1ec1u ch\u1ec9nh d\u1ea1ng s\u00f3ng c\u1ee7a nh\u1eadn th\u1ee9c th\u1ea7n kinh c\u1ee7a con ng\u01b0\u1eddi.<\/p>","protected":false},"featured_media":623,"comment_status":"open","ping_status":"closed","template":"","meta":{"_kad_blocks_custom_css":"","_kad_blocks_head_custom_js":"","_kad_blocks_body_custom_js":"","_kad_blocks_footer_custom_js":"","_kad_post_transparent":"default","_kad_post_title":"","_kad_post_layout":"default","_kad_post_sidebar_id":"","_kad_post_content_style":"default","_kad_post_vertical_padding":"default","_kad_post_feature":"","_kad_post_feature_position":"","_kad_post_header":false,"_kad_post_footer":false,"_kad_post_classname":""},"product_brand":[],"product_cat":[15],"product_tag":[],"class_list":{"0":"post-341","1":"product","2":"type-product","3":"status-publish","4":"has-post-thumbnail","6":"product_cat-uncategorized","8":"first","9":"instock","10":"shipping-taxable","11":"purchasable","12":"product-type-variable","13":"has-default-attributes","14":"entry","15":"content-bg","16":"loop-entry"},"taxonomy_info":{"product_cat":[{"value":15,"label":"Uncategorized"}]},"featured_image_src_large":["https:\/\/accintemedical.com\/wp-content\/uploads\/2025\/07\/Elecsoap-Hand-Massager-1.jpg",1000,1000,false],"author_info":[],"comment_info":0,"_links":{"self":[{"href":"https:\/\/accintemedical.com\/vi\/wp-json\/wp\/v2\/product\/341","targetHints":{"allow":["GET"]}}],"collection":[{"href":"https:\/\/accintemedical.com\/vi\/wp-json\/wp\/v2\/product"}],"about":[{"href":"https:\/\/accintemedical.com\/vi\/wp-json\/wp\/v2\/types\/product"}],"replies":[{"embeddable":true,"href":"https:\/\/accintemedical.com\/vi\/wp-json\/wp\/v2\/comments?post=341"}],"wp:featuredmedia":[{"embeddable":true,"href":"https:\/\/accintemedical.com\/vi\/wp-json\/wp\/v2\/media\/623"}],"wp:attachment":[{"href":"https:\/\/accintemedical.com\/vi\/wp-json\/wp\/v2\/media?parent=341"}],"wp:term":[{"taxonomy":"product_brand","embeddable":true,"href":"https:\/\/accintemedical.com\/vi\/wp-json\/wp\/v2\/product_brand?post=341"},{"taxonomy":"product_cat","embeddable":true,"href":"https:\/\/accintemedical.com\/vi\/wp-json\/wp\/v2\/product_cat?post=341"},{"taxonomy":"product_tag","embeddable":true,"href":"https:\/\/accintemedical.com\/vi\/wp-json\/wp\/v2\/product_tag?post=341"}],"curies":[{"name":"wp","href":"https:\/\/api.w.org\/{rel}","templated":true}]}}